{"id":1642,"date":"2024-05-14T20:56:38","date_gmt":"2024-05-15T02:56:38","guid":{"rendered":"https:\/\/coralensamblemexico.com\/home-2\/"},"modified":"2026-04-17T05:01:27","modified_gmt":"2026-04-17T11:01:27","slug":"home-2","status":"publish","type":"page","link":"https:\/\/coralensamblemexico.com\/en\/","title":{"rendered":"Home"},"content":{"rendered":"<div data-elementor-type=\"wp-page\" data-elementor-id=\"1642\" class=\"elementor elementor-1642\">\n\t\t\t\t<div class=\"elementor-element elementor-element-7f0f897e e-grid e-con-full elementor-hidden-desktop elementor-hidden-tablet elementor-hidden-mobile e-con e-parent\" data-id=\"7f0f897e\" data-element_type=\"container\" data-e-type=\"container\">\n\t\t\t\t<div class=\"elementor-element elementor-element-2153cb23 elementor-align-center elementor-invisible elementor-widget elementor-widget-button\" data-id=\"2153cb23\" data-element_type=\"widget\" data-e-type=\"widget\" data-settings=\"{&quot;_animation&quot;:&quot;slideInLeft&quot;}\" data-widget_type=\"button.default\">\n\t\t\t\t<div class=\"elementor-widget-container\">\n\t\t\t\t\t\t\t\t\t<div class=\"elementor-button-wrapper\">\n\t\t\t\t\t<a class=\"elementor-button elementor-button-link elementor-size-sm\" href=\"https:\/\/coralensamblemexico.com\/en\/cem-inicio\/\">\n\t\t\t\t\t\t<span class=\"elementor-button-content-wrapper\">\n\t\t\t\t\t\t\t\t\t<span class=\"elementor-button-text\">Coral Ensamble M\u00e9xico A.C.<\/span>\n\t\t\t\t\t<\/span>\n\t\t\t\t\t<\/a>\n\t\t\t\t<\/div>\n\t\t\t\t\t\t\t\t<\/div>\n\t\t\t\t<\/div>\n\t\t\t\t<div class=\"elementor-element elementor-element-679c23bf elementor-align-center elementor-invisible elementor-widget elementor-widget-button\" data-id=\"679c23bf\" data-element_type=\"widget\" data-e-type=\"widget\" data-settings=\"{&quot;_animation&quot;:&quot;slideInRight&quot;}\" data-widget_type=\"button.default\">\n\t\t\t\t<div class=\"elementor-widget-container\">\n\t\t\t\t\t\t\t\t\t<div class=\"elementor-button-wrapper\">\n\t\t\t\t\t<a class=\"elementor-button elementor-button-link elementor-size-sm\" href=\"https:\/\/coralensamblemexico.com\/en\/entrecoros-inicio\/\">\n\t\t\t\t\t\t<span class=\"elementor-button-content-wrapper\">\n\t\t\t\t\t\t\t\t\t<span class=\"elementor-button-text\">Festival Internacional ENTRECOROS M\u00c9XICO<\/span>\n\t\t\t\t\t<\/span>\n\t\t\t\t\t<\/a>\n\t\t\t\t<\/div>\n\t\t\t\t\t\t\t\t<\/div>\n\t\t\t\t<\/div>\n\t\t\t\t<\/div>\n\t\t<div class=\"elementor-element elementor-element-97ddabd e-con-full e-flex e-con e-parent\" data-id=\"97ddabd\" data-element_type=\"container\" data-e-type=\"container\">\n\t\t<div class=\"elementor-element elementor-element-75708a1 e-con-full animated-fast e-flex elementor-invisible e-con e-child\" data-id=\"75708a1\" data-element_type=\"container\" data-e-type=\"container\" data-settings=\"{&quot;background_background&quot;:&quot;classic&quot;,&quot;animation&quot;:&quot;slideInLeft&quot;}\">\n\t\t<div class=\"elementor-element elementor-element-b162aca e-con-full e-flex e-con e-child\" data-id=\"b162aca\" data-element_type=\"container\" data-e-type=\"container\">\n\t\t<div class=\"elementor-element elementor-element-c32c510 e-con-full e-flex e-con e-child\" data-id=\"c32c510\" data-element_type=\"container\" data-e-type=\"container\" data-settings=\"{&quot;background_background&quot;:&quot;classic&quot;}\">\n\t\t\t\t<div class=\"elementor-element elementor-element-eaf150b elementor-widget elementor-widget-image\" data-id=\"eaf150b\" data-element_type=\"widget\" data-e-type=\"widget\" data-widget_type=\"image.default\">\n\t\t\t\t<div class=\"elementor-widget-container\">\n\t\t\t\t\t\t\t\t\t\t\t\t\t\t\t<img decoding=\"async\" width=\"193\" height=\"193\" src=\"https:\/\/coralensamblemexico.com\/wp-content\/uploads\/2025\/04\/Coral-Ensamble.png\" class=\"attachment-full size-full wp-image-2891\" alt=\"\" srcset=\"https:\/\/coralensamblemexico.com\/wp-content\/uploads\/2025\/04\/Coral-Ensamble.png 193w, https:\/\/coralensamblemexico.com\/wp-content\/uploads\/2025\/04\/Coral-Ensamble-150x150.png 150w, https:\/\/coralensamblemexico.com\/wp-content\/uploads\/2025\/04\/Coral-Ensamble-12x12.png 12w\" sizes=\"(max-width: 193px) 100vw, 193px\" \/>\t\t\t\t\t\t\t\t\t\t\t\t\t\t\t<\/div>\n\t\t\t\t<\/div>\n\t\t\t\t<\/div>\n\t\t<div class=\"elementor-element elementor-element-7010cfc e-con-full e-flex e-con e-child\" data-id=\"7010cfc\" data-element_type=\"container\" data-e-type=\"container\" data-settings=\"{&quot;background_background&quot;:&quot;classic&quot;}\">\n\t\t\t\t<div class=\"elementor-element elementor-element-180d654 elementor-widget elementor-widget-heading\" data-id=\"180d654\" data-element_type=\"widget\" data-e-type=\"widget\" data-widget_type=\"heading.default\">\n\t\t\t\t<div class=\"elementor-widget-container\">\n\t\t\t\t\t<h2 class=\"elementor-heading-title elementor-size-default\">Coral Ensamble M\u00e9xico A.C.<\/h2>\t\t\t\t<\/div>\n\t\t\t\t<\/div>\n\t\t\t\t<\/div>\n\t\t\t\t<\/div>\n\t\t<div class=\"elementor-element elementor-element-262f591 e-con-full e-flex e-con e-child\" data-id=\"262f591\" data-element_type=\"container\" data-e-type=\"container\">\n\t\t\t\t<div class=\"elementor-element elementor-element-bab4c89 elementor-align-center elementor-widget elementor-widget-button\" data-id=\"bab4c89\" data-element_type=\"widget\" data-e-type=\"widget\" data-widget_type=\"button.default\">\n\t\t\t\t<div class=\"elementor-widget-container\">\n\t\t\t\t\t\t\t\t\t<div class=\"elementor-button-wrapper\">\n\t\t\t\t\t<a class=\"elementor-button elementor-button-link elementor-size-sm\" href=\"https:\/\/coralensamblemexico.com\/en\/cem-inicio\/\">\n\t\t\t\t\t\t<span class=\"elementor-button-content-wrapper\">\n\t\t\t\t\t\t\t\t\t<span class=\"elementor-button-text\">Coral Ensamble M\u00e9xico A.C.<\/span>\n\t\t\t\t\t<\/span>\n\t\t\t\t\t<\/a>\n\t\t\t\t<\/div>\n\t\t\t\t\t\t\t\t<\/div>\n\t\t\t\t<\/div>\n\t\t\t\t<\/div>\n\t\t\t\t<\/div>\n\t\t<div class=\"elementor-element elementor-element-c9c091b e-con-full animated-fast e-flex elementor-invisible e-con e-child\" data-id=\"c9c091b\" data-element_type=\"container\" data-e-type=\"container\" data-settings=\"{&quot;background_background&quot;:&quot;classic&quot;,&quot;animation&quot;:&quot;slideInRight&quot;}\">\n\t\t<div class=\"elementor-element elementor-element-5562a64 e-flex e-con-boxed e-con e-child\" data-id=\"5562a64\" data-element_type=\"container\" data-e-type=\"container\">\n\t\t\t\t\t<div class=\"e-con-inner\">\n\t\t<div class=\"elementor-element elementor-element-315a33b e-con-full e-flex e-con e-child\" data-id=\"315a33b\" data-element_type=\"container\" data-e-type=\"container\" data-settings=\"{&quot;background_background&quot;:&quot;classic&quot;}\">\n\t\t\t\t<div class=\"elementor-element elementor-element-03c0777 elementor-widget elementor-widget-image\" data-id=\"03c0777\" data-element_type=\"widget\" data-e-type=\"widget\" data-widget_type=\"image.default\">\n\t\t\t\t<div class=\"elementor-widget-container\">\n\t\t\t\t\t\t\t\t\t\t\t\t\t\t\t<img fetchpriority=\"high\" decoding=\"async\" width=\"644\" height=\"213\" src=\"https:\/\/coralensamblemexico.com\/wp-content\/uploads\/2026\/04\/LOGO-H17.png\" class=\"attachment-full size-full wp-image-6781\" alt=\"\" srcset=\"https:\/\/coralensamblemexico.com\/wp-content\/uploads\/2026\/04\/LOGO-H17.png 644w, https:\/\/coralensamblemexico.com\/wp-content\/uploads\/2026\/04\/LOGO-H17-300x99.png 300w, https:\/\/coralensamblemexico.com\/wp-content\/uploads\/2026\/04\/LOGO-H17-18x6.png 18w\" sizes=\"(max-width: 644px) 100vw, 644px\" \/>\t\t\t\t\t\t\t\t\t\t\t\t\t\t\t<\/div>\n\t\t\t\t<\/div>\n\t\t\t\t<\/div>\n\t\t<div class=\"elementor-element elementor-element-aa6fc32 e-con-full e-flex e-con e-child\" data-id=\"aa6fc32\" data-element_type=\"container\" data-e-type=\"container\">\n\t\t\t\t<\/div>\n\t\t<div class=\"elementor-element elementor-element-63a4ccc e-con-full e-flex e-con e-child\" data-id=\"63a4ccc\" data-element_type=\"container\" data-e-type=\"container\" data-settings=\"{&quot;background_background&quot;:&quot;classic&quot;}\">\n\t\t\t\t<div class=\"elementor-element elementor-element-7c08f76 elementor-widget elementor-widget-image\" data-id=\"7c08f76\" data-element_type=\"widget\" data-e-type=\"widget\" data-widget_type=\"image.default\">\n\t\t\t\t<div class=\"elementor-widget-container\">\n\t\t\t\t\t\t\t\t\t\t\t\t\t\t\t<img decoding=\"async\" width=\"1184\" height=\"1184\" src=\"https:\/\/coralensamblemexico.com\/wp-content\/uploads\/2026\/04\/ICON_17.png\" class=\"attachment-full size-full wp-image-6694\" alt=\"\" srcset=\"https:\/\/coralensamblemexico.com\/wp-content\/uploads\/2026\/04\/ICON_17.png 1184w, https:\/\/coralensamblemexico.com\/wp-content\/uploads\/2026\/04\/ICON_17-300x300.png 300w, https:\/\/coralensamblemexico.com\/wp-content\/uploads\/2026\/04\/ICON_17-1024x1024.png 1024w, https:\/\/coralensamblemexico.com\/wp-content\/uploads\/2026\/04\/ICON_17-150x150.png 150w, https:\/\/coralensamblemexico.com\/wp-content\/uploads\/2026\/04\/ICON_17-768x768.png 768w, https:\/\/coralensamblemexico.com\/wp-content\/uploads\/2026\/04\/ICON_17-12x12.png 12w\" sizes=\"(max-width: 1184px) 100vw, 1184px\" \/>\t\t\t\t\t\t\t\t\t\t\t\t\t\t\t<\/div>\n\t\t\t\t<\/div>\n\t\t\t\t<\/div>\n\t\t\t\t\t<\/div>\n\t\t\t\t<\/div>\n\t\t<div class=\"elementor-element elementor-element-5b44ff9 e-con-full e-flex e-con e-child\" data-id=\"5b44ff9\" data-element_type=\"container\" data-e-type=\"container\">\n\t\t\t\t<div class=\"elementor-element elementor-element-7b48d26 elementor-align-center elementor-widget elementor-widget-button\" data-id=\"7b48d26\" data-element_type=\"widget\" data-e-type=\"widget\" data-widget_type=\"button.default\">\n\t\t\t\t<div class=\"elementor-widget-container\">\n\t\t\t\t\t\t\t\t\t<div class=\"elementor-button-wrapper\">\n\t\t\t\t\t<a class=\"elementor-button elementor-button-link elementor-size-sm\" href=\"https:\/\/coralensamblemexico.com\/en\/entrecoros-inicio\/\">\n\t\t\t\t\t\t<span class=\"elementor-button-content-wrapper\">\n\t\t\t\t\t\t\t\t\t<span class=\"elementor-button-text\">Festival Internacional ENTRECOROS M\u00c9XICO<\/span>\n\t\t\t\t\t<\/span>\n\t\t\t\t\t<\/a>\n\t\t\t\t<\/div>\n\t\t\t\t\t\t\t\t<\/div>\n\t\t\t\t<\/div>\n\t\t\t\t<\/div>\n\t\t\t\t<\/div>\n\t\t\t\t<\/div>\n\t\t\t\t<\/div>","protected":false},"excerpt":{"rendered":"<p>Coral Ensamble M\u00e9xico A.C. Festival Internacional ENTRECOROS M\u00c9XICO Coral Ensamble M\u00e9xico A.C. Coral Ensamble M\u00e9xico A.C. Festival Internacional ENTRECOROS M\u00c9XICO<\/p>","protected":false},"author":3,"featured_media":0,"parent":0,"menu_order":0,"comment_status":"closed","ping_status":"closed","template":"elementor_canvas","meta":{"footnotes":""},"class_list":["post-1642","page","type-page","status-publish","hentry"],"yoast_head":"<!-- This site is optimized with the Yoast SEO plugin v27.4 - https:\/\/yoast.com\/product\/yoast-seo-wordpress\/ -->\n<title>Inicio - Coral Ensamble Mexico AC<\/title>\n<meta name=\"robots\" content=\"index, follow, max-snippet:-1, max-image-preview:large, max-video-preview:-1\" \/>\n<link rel=\"canonical\" href=\"https:\/\/coralensamblemexico.com\/en\/\" \/>\n<meta property=\"og:locale\" content=\"en_US\" \/>\n<meta property=\"og:type\" content=\"article\" \/>\n<meta property=\"og:title\" content=\"Inicio - Coral Ensamble Mexico AC\" \/>\n<meta property=\"og:description\" content=\"Coral Ensamble M\u00e9xico A.C. Festival Internacional ENTRECOROS M\u00c9XICO Coral Ensamble M\u00e9xico A.C. Coral Ensamble M\u00e9xico A.C. Festival Internacional ENTRECOROS M\u00c9XICO\" \/>\n<meta property=\"og:url\" content=\"https:\/\/coralensamblemexico.com\/en\/\" \/>\n<meta property=\"og:site_name\" content=\"Coral Ensamble Mexico AC\" \/>\n<meta property=\"article:modified_time\" content=\"2026-04-17T11:01:27+00:00\" \/>\n<meta property=\"og:image\" content=\"https:\/\/coralensamblemexico.com\/wp-content\/uploads\/2025\/04\/Coral-Ensamble.png\" \/>\n\t<meta property=\"og:image:width\" content=\"193\" \/>\n\t<meta property=\"og:image:height\" content=\"193\" \/>\n\t<meta property=\"og:image:type\" content=\"image\/png\" \/>\n<meta name=\"twitter:card\" content=\"summary_large_image\" \/>\n<meta name=\"twitter:label1\" content=\"Est. reading time\" \/>\n\t<meta name=\"twitter:data1\" content=\"1 minute\" \/>\n<script type=\"application\/ld+json\" class=\"yoast-schema-graph\">{\"@context\":\"https:\\\/\\\/schema.org\",\"@graph\":[{\"@type\":\"WebPage\",\"@id\":\"https:\\\/\\\/coralensamblemexico.com\\\/\",\"url\":\"https:\\\/\\\/coralensamblemexico.com\\\/\",\"name\":\"Inicio - Coral Ensamble Mexico AC\",\"isPartOf\":{\"@id\":\"https:\\\/\\\/coralensamblemexico.com\\\/#website\"},\"primaryImageOfPage\":{\"@id\":\"https:\\\/\\\/coralensamblemexico.com\\\/#primaryimage\"},\"image\":{\"@id\":\"https:\\\/\\\/coralensamblemexico.com\\\/#primaryimage\"},\"thumbnailUrl\":\"https:\\\/\\\/coralensamblemexico.com\\\/wp-content\\\/uploads\\\/2025\\\/04\\\/Coral-Ensamble.png\",\"datePublished\":\"2024-05-15T02:56:38+00:00\",\"dateModified\":\"2026-04-17T11:01:27+00:00\",\"breadcrumb\":{\"@id\":\"https:\\\/\\\/coralensamblemexico.com\\\/#breadcrumb\"},\"inLanguage\":\"en-US\",\"potentialAction\":[{\"@type\":\"ReadAction\",\"target\":[\"https:\\\/\\\/coralensamblemexico.com\\\/\"]}]},{\"@type\":\"ImageObject\",\"inLanguage\":\"en-US\",\"@id\":\"https:\\\/\\\/coralensamblemexico.com\\\/#primaryimage\",\"url\":\"https:\\\/\\\/coralensamblemexico.com\\\/wp-content\\\/uploads\\\/2025\\\/04\\\/Coral-Ensamble.png\",\"contentUrl\":\"https:\\\/\\\/coralensamblemexico.com\\\/wp-content\\\/uploads\\\/2025\\\/04\\\/Coral-Ensamble.png\"},{\"@type\":\"BreadcrumbList\",\"@id\":\"https:\\\/\\\/coralensamblemexico.com\\\/#breadcrumb\",\"itemListElement\":[{\"@type\":\"ListItem\",\"position\":1,\"name\":\"Home\",\"item\":\"https:\\\/\\\/coralensamblemexico.com\\\/\"},{\"@type\":\"ListItem\",\"position\":2,\"name\":\"Inicio\"}]},{\"@type\":\"WebSite\",\"@id\":\"https:\\\/\\\/coralensamblemexico.com\\\/#website\",\"url\":\"https:\\\/\\\/coralensamblemexico.com\\\/\",\"name\":\"Coral Ensamble Mexico AC\",\"description\":\"Fomentando Arte Coral En Ni\u00f1os y J\u00f3venes\",\"publisher\":{\"@id\":\"https:\\\/\\\/coralensamblemexico.com\\\/#organization\"},\"potentialAction\":[{\"@type\":\"SearchAction\",\"target\":{\"@type\":\"EntryPoint\",\"urlTemplate\":\"https:\\\/\\\/coralensamblemexico.com\\\/?s={search_term_string}\"},\"query-input\":{\"@type\":\"PropertyValueSpecification\",\"valueRequired\":true,\"valueName\":\"search_term_string\"}}],\"inLanguage\":\"en-US\"},{\"@type\":\"Organization\",\"@id\":\"https:\\\/\\\/coralensamblemexico.com\\\/#organization\",\"name\":\"Coral Ensamble Mexico AC\",\"url\":\"https:\\\/\\\/coralensamblemexico.com\\\/\",\"logo\":{\"@type\":\"ImageObject\",\"inLanguage\":\"en-US\",\"@id\":\"https:\\\/\\\/coralensamblemexico.com\\\/#\\\/schema\\\/logo\\\/image\\\/\",\"url\":\"https:\\\/\\\/coralensamblemexico.com\\\/wp-content\\\/uploads\\\/2024\\\/06\\\/Coral-Ensamble-Mexico-2024-Redondo.png\",\"contentUrl\":\"https:\\\/\\\/coralensamblemexico.com\\\/wp-content\\\/uploads\\\/2024\\\/06\\\/Coral-Ensamble-Mexico-2024-Redondo.png\",\"width\":1080,\"height\":1080,\"caption\":\"Coral Ensamble Mexico AC\"},\"image\":{\"@id\":\"https:\\\/\\\/coralensamblemexico.com\\\/#\\\/schema\\\/logo\\\/image\\\/\"}}]}<\/script>\n<!-- \/ Yoast SEO plugin. -->","yoast_head_json":{"title":"Inicio - Coral Ensamble Mexico AC","robots":{"index":"index","follow":"follow","max-snippet":"max-snippet:-1","max-image-preview":"max-image-preview:large","max-video-preview":"max-video-preview:-1"},"canonical":"https:\/\/coralensamblemexico.com\/en\/","og_locale":"en_US","og_type":"article","og_title":"Inicio - Coral Ensamble Mexico AC","og_description":"Coral Ensamble M\u00e9xico A.C. Festival Internacional ENTRECOROS M\u00c9XICO Coral Ensamble M\u00e9xico A.C. Coral Ensamble M\u00e9xico A.C. Festival Internacional ENTRECOROS M\u00c9XICO","og_url":"https:\/\/coralensamblemexico.com\/en\/","og_site_name":"Coral Ensamble Mexico AC","article_modified_time":"2026-04-17T11:01:27+00:00","og_image":[{"width":193,"height":193,"url":"https:\/\/coralensamblemexico.com\/wp-content\/uploads\/2025\/04\/Coral-Ensamble.png","type":"image\/png"}],"twitter_card":"summary_large_image","twitter_misc":{"Est. reading time":"1 minute"},"schema":{"@context":"https:\/\/schema.org","@graph":[{"@type":"WebPage","@id":"https:\/\/coralensamblemexico.com\/","url":"https:\/\/coralensamblemexico.com\/","name":"Inicio - Coral Ensamble Mexico AC","isPartOf":{"@id":"https:\/\/coralensamblemexico.com\/#website"},"primaryImageOfPage":{"@id":"https:\/\/coralensamblemexico.com\/#primaryimage"},"image":{"@id":"https:\/\/coralensamblemexico.com\/#primaryimage"},"thumbnailUrl":"https:\/\/coralensamblemexico.com\/wp-content\/uploads\/2025\/04\/Coral-Ensamble.png","datePublished":"2024-05-15T02:56:38+00:00","dateModified":"2026-04-17T11:01:27+00:00","breadcrumb":{"@id":"https:\/\/coralensamblemexico.com\/#breadcrumb"},"inLanguage":"en-US","potentialAction":[{"@type":"ReadAction","target":["https:\/\/coralensamblemexico.com\/"]}]},{"@type":"ImageObject","inLanguage":"en-US","@id":"https:\/\/coralensamblemexico.com\/#primaryimage","url":"https:\/\/coralensamblemexico.com\/wp-content\/uploads\/2025\/04\/Coral-Ensamble.png","contentUrl":"https:\/\/coralensamblemexico.com\/wp-content\/uploads\/2025\/04\/Coral-Ensamble.png"},{"@type":"BreadcrumbList","@id":"https:\/\/coralensamblemexico.com\/#breadcrumb","itemListElement":[{"@type":"ListItem","position":1,"name":"Home","item":"https:\/\/coralensamblemexico.com\/"},{"@type":"ListItem","position":2,"name":"Inicio"}]},{"@type":"WebSite","@id":"https:\/\/coralensamblemexico.com\/#website","url":"https:\/\/coralensamblemexico.com\/","name":"Coral Ensamble Mexico AC","description":"Fomentando Arte Coral En Ni\u00f1os y J\u00f3venes","publisher":{"@id":"https:\/\/coralensamblemexico.com\/#organization"},"potentialAction":[{"@type":"SearchAction","target":{"@type":"EntryPoint","urlTemplate":"https:\/\/coralensamblemexico.com\/?s={search_term_string}"},"query-input":{"@type":"PropertyValueSpecification","valueRequired":true,"valueName":"search_term_string"}}],"inLanguage":"en-US"},{"@type":"Organization","@id":"https:\/\/coralensamblemexico.com\/#organization","name":"Coral Ensamble Mexico AC","url":"https:\/\/coralensamblemexico.com\/","logo":{"@type":"ImageObject","inLanguage":"en-US","@id":"https:\/\/coralensamblemexico.com\/#\/schema\/logo\/image\/","url":"https:\/\/coralensamblemexico.com\/wp-content\/uploads\/2024\/06\/Coral-Ensamble-Mexico-2024-Redondo.png","contentUrl":"https:\/\/coralensamblemexico.com\/wp-content\/uploads\/2024\/06\/Coral-Ensamble-Mexico-2024-Redondo.png","width":1080,"height":1080,"caption":"Coral Ensamble Mexico AC"},"image":{"@id":"https:\/\/coralensamblemexico.com\/#\/schema\/logo\/image\/"}}]}},"_links":{"self":[{"href":"https:\/\/coralensamblemexico.com\/en\/wp-json\/wp\/v2\/pages\/1642","targetHints":{"allow":["GET"]}}],"collection":[{"href":"https:\/\/coralensamblemexico.com\/en\/wp-json\/wp\/v2\/pages"}],"about":[{"href":"https:\/\/coralensamblemexico.com\/en\/wp-json\/wp\/v2\/types\/page"}],"author":[{"embeddable":true,"href":"https:\/\/coralensamblemexico.com\/en\/wp-json\/wp\/v2\/users\/3"}],"replies":[{"embeddable":true,"href":"https:\/\/coralensamblemexico.com\/en\/wp-json\/wp\/v2\/comments?post=1642"}],"version-history":[{"count":0,"href":"https:\/\/coralensamblemexico.com\/en\/wp-json\/wp\/v2\/pages\/1642\/revisions"}],"wp:attachment":[{"href":"https:\/\/coralensamblemexico.com\/en\/wp-json\/wp\/v2\/media?parent=1642"}],"curies":[{"name":"wp","href":"https:\/\/api.w.org\/{rel}","templated":true}]}}